 {"id":1741,"date":"2025-11-13T18:12:04","date_gmt":"2025-11-13T17:12:04","guid":{"rendered":"http:\/\/cigrecolombia.org\/?page_id=1741"},"modified":"2026-04-19T17:31:31","modified_gmt":"2026-04-19T15:31:31","slug":"eventos","status":"publish","type":"page","link":"https:\/\/cigrecolombia.org\/?page_id=1741","title":{"rendered":"Eventos"},"content":{"rendered":"\t\t<div data-elementor-type=\"wp-page\" data-elementor-id=\"1741\" class=\"elementor elementor-1741\" data-elementor-post-type=\"page\">\n\t\t\t\t<div class=\"elementor-element elementor-element-70c8172 e-flex e-con-boxed e-con e-parent\" data-id=\"70c8172\" data-element_type=\"container\" data-settings=\"{&quot;background_background&quot;:&quot;classic&quot;}\">\n\t\t\t\t\t<div class=\"e-con-inner\">\n\t\t\t\t<div class=\"elementor-element elementor-element-2bb4aec elementor-widget elementor-widget-heading\" data-id=\"2bb4aec\" data-element_type=\"widget\" data-widget_type=\"heading.default\">\n\t\t\t\t<div class=\"elementor-widget-container\">\n\t\t\t\t\t<h1 class=\"elementor-heading-title elementor-size-default\">Eventos<\/h1>\t\t\t\t<\/div>\n\t\t\t\t<\/div>\n\t\t\t\t<div class=\"elementor-element elementor-element-89ca183 elementor-widget elementor-widget-heading\" data-id=\"89ca183\" data-element_type=\"widget\" data-widget_type=\"heading.default\">\n\t\t\t\t<div class=\"elementor-widget-container\">\n\t\t\t\t\t<h1 class=\"elementor-heading-title elementor-size-default\"><i>Explora los eventos que impulsan la innovaci\u00f3n y el futuro del sector energ\u00e9tico<\/i>\n<\/h1>\t\t\t\t<\/div>\n\t\t\t\t<\/div>\n\t\t\t\t\t<\/div>\n\t\t\t\t<\/div>\n\t\t<div class=\"elementor-element elementor-element-f3ac6a1 e-flex e-con-boxed e-con e-parent\" data-id=\"f3ac6a1\" data-element_type=\"container\">\n\t\t\t\t\t<div class=\"e-con-inner\">\n\t\t<div class=\"elementor-element elementor-element-f21acb2 e-con-full e-flex e-con e-child\" data-id=\"f21acb2\" data-element_type=\"container\">\n\t\t<div class=\"elementor-element elementor-element-2d8a045 e-con-full e-flex e-con e-child\" data-id=\"2d8a045\" data-element_type=\"container\">\n\t\t\t\t<div class=\"elementor-element elementor-element-8270df6 elementor-widget elementor-widget-heading\" data-id=\"8270df6\" data-element_type=\"widget\" data-widget_type=\"heading.default\">\n\t\t\t\t<div class=\"elementor-widget-container\">\n\t\t\t\t\t<h1 class=\"elementor-heading-title elementor-size-default\">Todos los eventos<\/h1>\t\t\t\t<\/div>\n\t\t\t\t<\/div>\n\t\t\t\t<\/div>\n\t\t\t\t<\/div>\n\t\t\t\t<div class=\"elementor-element elementor-element-b890996 elementor-widget elementor-widget-tp_case_grid\" data-id=\"b890996\" data-element_type=\"widget\" data-widget_type=\"tp_case_grid.default\">\n\t\t\t\t<div class=\"elementor-widget-container\">\n\t\t\t\t\t<div class=\"tp-d-flex tp-gutter tp-img-card style-three\">\n        <div class=\"tp-df-33 item tbtr\"><div class=\"inner tbtr tp-no-overflow\">\n            <div class=\"card-image-wrapper tbtr\">\n                <img fetchpriority=\"high\" height=\"1350\" width=\"1080\" class=\"lazyload tbtr\" data-src=\"https:\/\/cigrecolombia.org\/wp-content\/uploads\/2026\/04\/Evento-WiE-1.png\" alt=\"\" \/>\n            <\/div>\n            <div class=\"tbcontent\"><div class=\"top\">\n                <h4 class=\"title\"><a href=\"https:\/\/forms.gle\/AQg4trFvTKykN5Ck8\" target=\"_blank\"><\/a><\/h4>\n                \n                <\/div>\n                <a href=\"https:\/\/forms.gle\/AQg4trFvTKykN5Ck8\" target=\"_blank\" class=\"link tp-dinflex hover-show tbtr\"><\/a>\n            <\/div><\/div>\n        <\/div>\n    \n        <div class=\"tp-df-33 item tbtr\"><div class=\"inner tbtr tp-no-overflow\">\n            <div class=\"card-image-wrapper tbtr\">\n                <img height=\"1709\" width=\"2560\" class=\"lazyload tbtr\" data-src=\"https:\/\/cigrecolombia.org\/wp-content\/uploads\/2025\/11\/power-line-in-the-countryside-at-sunset-on-the-out-2025-10-15-03-28-06-utc-scaled.jpg\" alt=\"\" \/>\n            <\/div>\n            <div class=\"tbcontent\"><div class=\"top\">\n                <h4 class=\"title\"><a href=\"https:\/\/forms.office.com\/pages\/responsepage.aspx?id=EOSAyVwLvEi9GouRyryEvN1nAnhMMiFJtu9sJdhgjRBUNlRXVjdHQllaSUo1MFNaVjlCTllSS0tQSC4u&#038;route=shorturl\" target=\"_blank\">Charla WiE Retos de las comunidades energ\u00e9ticas en tiempos de la comunidad energ\u00e9tica<\/a><\/h4>\n                <p class=\"desc hover-show tbtr\">Noviembre 19 de 2025<\/p>\n                <\/div>\n                <a href=\"https:\/\/forms.office.com\/pages\/responsepage.aspx?id=EOSAyVwLvEi9GouRyryEvN1nAnhMMiFJtu9sJdhgjRBUNlRXVjdHQllaSUo1MFNaVjlCTllSS0tQSC4u&#038;route=shorturl\" target=\"_blank\" class=\"link tp-dinflex hover-show tbtr\"><\/a>\n            <\/div><\/div>\n        <\/div>\n    \n        <div class=\"tp-df-33 item tbtr\"><div class=\"inner tbtr tp-no-overflow\">\n            <div class=\"card-image-wrapper tbtr\">\n                <img height=\"1709\" width=\"2560\" class=\"lazyload tbtr\" data-src=\"https:\/\/cigrecolombia.org\/wp-content\/uploads\/2025\/11\/power-line-in-the-countryside-at-sunset-on-the-out-2025-10-15-03-28-06-utc-scaled.jpg\" alt=\"\" \/>\n            <\/div>\n            <div class=\"tbcontent\"><div class=\"top\">\n                <h4 class=\"title\"><a href=\"https:\/\/forms.office.com\/pages\/responsepage.aspx?id=EOSAyVwLvEi9GouRyryEvN1nAnhMMiFJtu9sJdhgjRBUNlRXVjdHQllaSUo1MFNaVjlCTllSS0tQSC4u&#038;route=shorturl\" target=\"_blank\">Charla WiE Retos de las comunidades energ\u00e9ticas en tiempos de la comunidad energ\u00e9tica<\/a><\/h4>\n                <p class=\"desc hover-show tbtr\">Noviembre 19 de 2025<\/p>\n                <\/div>\n                <a href=\"https:\/\/forms.office.com\/pages\/responsepage.aspx?id=EOSAyVwLvEi9GouRyryEvN1nAnhMMiFJtu9sJdhgjRBUNlRXVjdHQllaSUo1MFNaVjlCTllSS0tQSC4u&#038;route=shorturl\" target=\"_blank\" class=\"link tp-dinflex hover-show tbtr\"><\/a>\n            <\/div><\/div>\n        <\/div>\n    \n        <div class=\"tp-df-33 item tbtr\"><div class=\"inner tbtr tp-no-overflow\">\n            <div class=\"card-image-wrapper tbtr\">\n                <img height=\"1707\" width=\"2560\" class=\"lazyload tbtr\" data-src=\"https:\/\/cigrecolombia.org\/wp-content\/uploads\/2025\/11\/multiracial-people-checking-serviceability-of-sola-2024-12-13-03-47-45-utc-scaled.jpg\" alt=\"\" \/>\n            <\/div>\n            <div class=\"tbcontent\"><div class=\"top\">\n                <h4 class=\"title\"><a href=\"https:\/\/forms.office.com\/pages\/responsepage.aspx?id=EOSAyVwLvEi9GouRyryEvN1nAnhMMiFJtu9sJdhgjRBUMkQ4SDZaUVpSTDJaVk5RRE0zTkxNR1FUMi4u&#038;route=shorturl\" target=\"_blank\">Webinar B4 Sistemas de corriente continua y electr\u00f3nica de potencia <\/a><\/h4>\n                <p class=\"desc hover-show tbtr\">Noviembre 21 de 2025<\/p>\n                <\/div>\n                <a href=\"https:\/\/forms.office.com\/pages\/responsepage.aspx?id=EOSAyVwLvEi9GouRyryEvN1nAnhMMiFJtu9sJdhgjRBUMkQ4SDZaUVpSTDJaVk5RRE0zTkxNR1FUMi4u&#038;route=shorturl\" target=\"_blank\" class=\"link tp-dinflex hover-show tbtr\"><\/a>\n            <\/div><\/div>\n        <\/div>\n    <\/div>\t\t\t\t<\/div>\n\t\t\t\t<\/div>\n\t\t\t\t<div class=\"elementor-element elementor-element-3fc9a29 elementor-widget elementor-widget-tp_case_grid\" data-id=\"3fc9a29\" data-element_type=\"widget\" data-widget_type=\"tp_case_grid.default\">\n\t\t\t\t<div class=\"elementor-widget-container\">\n\t\t\t\t\t<div class=\"tp-d-flex tp-gutter tp-img-card style-three\">\n        <div class=\"tp-df-33 item tbtr\"><div class=\"inner tbtr tp-no-overflow\">\n            <div class=\"card-image-wrapper tbtr\">\n                <img loading=\"lazy\" height=\"1707\" width=\"2560\" class=\"lazyload tbtr\" data-src=\"https:\/\/cigrecolombia.org\/wp-content\/uploads\/2025\/11\/electrical-power-plant-2025-03-25-14-33-43-utc-scaled.jpg\" alt=\"\" \/>\n            <\/div>\n            <div class=\"tbcontent\"><div class=\"top\">\n                <h4 class=\"title\"><a href=\"https:\/\/forms.office.com\/pages\/responsepage.aspx?id=EOSAyVwLvEi9GouRyryEvN1nAnhMMiFJtu9sJdhgjRBUNUlSOUczOTBLM1U3OEJBREtMVklCTzhPWS4u&#038;route=shorturl\" target=\"_blank\">Curso subestaciones Digitales <\/a><\/h4>\n                <p class=\"desc hover-show tbtr\">Noviembre 25,25 y 27 de 2025<\/p>\n                <\/div>\n                <a href=\"https:\/\/forms.office.com\/pages\/responsepage.aspx?id=EOSAyVwLvEi9GouRyryEvN1nAnhMMiFJtu9sJdhgjRBUNUlSOUczOTBLM1U3OEJBREtMVklCTzhPWS4u&#038;route=shorturl\" target=\"_blank\" class=\"link tp-dinflex hover-show tbtr\"><i class=\"bticon tbtr tpbi bi-arrow-up-right-square-fill\" aria-hidden=\"true\"><\/i><\/a>\n            <\/div><\/div>\n        <\/div>\n    \n        <div class=\"tp-df-33 item tbtr\"><div class=\"inner tbtr tp-no-overflow\">\n            <div class=\"card-image-wrapper tbtr\">\n                <img loading=\"lazy\" height=\"854\" width=\"1280\" class=\"lazyload tbtr\" data-src=\"https:\/\/cigrecolombia.org\/wp-content\/uploads\/2025\/09\/pexels-thisisengineering-19895880.jpg\" alt=\"\" \/>\n            <\/div>\n            <div class=\"tbcontent\"><div class=\"top\">\n                <h4 class=\"title\"><a href=\"https:\/\/forms.office.com\/pages\/responsepage.aspx?id=EOSAyVwLvEi9GouRyryEvN1nAnhMMiFJtu9sJdhgjRBUOTZRWDZMNDFQT05UM0wxNU05MjREWEtBRi4u&#038;route=shorturl\" target=\"_blank\">Webinar C1: \"Impulsando el Futuro: Transici\u00f3n Energ\u00e9tica en Chile hacia un Sistema de Transmisi\u00f3n Sostenible y Eficiente<\/a><\/h4>\n                <p class=\"desc hover-show tbtr\">Diciembre 03 de 2025<\/p>\n                <\/div>\n                <a href=\"https:\/\/forms.office.com\/pages\/responsepage.aspx?id=EOSAyVwLvEi9GouRyryEvN1nAnhMMiFJtu9sJdhgjRBUOTZRWDZMNDFQT05UM0wxNU05MjREWEtBRi4u&#038;route=shorturl\" target=\"_blank\" class=\"link tp-dinflex hover-show tbtr\"><i class=\"bticon tbtr tpbi bi-arrow-up-right-square-fill\" aria-hidden=\"true\"><\/i><\/a>\n            <\/div><\/div>\n        <\/div>\n    <\/div>\t\t\t\t<\/div>\n\t\t\t\t<\/div>\n\t\t\t\t<div class=\"elementor-element elementor-element-6ab0957 elementor-widget elementor-widget-tp_case_grid\" data-id=\"6ab0957\" data-element_type=\"widget\" data-widget_type=\"tp_case_grid.default\">\n\t\t\t\t<div class=\"elementor-widget-container\">\n\t\t\t\t\t<div class=\"tp-d-flex tp-gutter tp-img-card style-three\">\n        <div class=\"tp-df-33 item tbtr\"><div class=\"inner tbtr tp-no-overflow\">\n            <div class=\"card-image-wrapper tbtr\">\n                <img loading=\"lazy\" height=\"719\" width=\"1280\" class=\"lazyload tbtr\" data-src=\"https:\/\/cigrecolombia.org\/wp-content\/uploads\/2025\/09\/pexels-kelly-2800845.jpg\" alt=\"\" \/>\n            <\/div>\n            <div class=\"tbcontent\"><div class=\"top\">\n                <h4 class=\"title\"><a href=\"https:\/\/forms.office.com\/pages\/responsepage.aspx?id=EOSAyVwLvEi9GouRyryEvN1nAnhMMiFJtu9sJdhgjRBUNjFBR0hEU0VCUVVWWkpLUkdRVDlXRDNTWi4u&#038;route=shorturl\" target=\"_blank\">Webinar C1 AMI <\/a><\/h4>\n                <p class=\"desc hover-show tbtr\">Diciembre 12 de 2025<\/p>\n                <\/div>\n                <a href=\"https:\/\/forms.office.com\/pages\/responsepage.aspx?id=EOSAyVwLvEi9GouRyryEvN1nAnhMMiFJtu9sJdhgjRBUNjFBR0hEU0VCUVVWWkpLUkdRVDlXRDNTWi4u&#038;route=shorturl\" target=\"_blank\" class=\"link tp-dinflex hover-show tbtr\"><i class=\"bticon tbtr tpbi bi-arrow-up-right-square-fill\" aria-hidden=\"true\"><\/i><\/a>\n            <\/div><\/div>\n        <\/div>\n    <\/div>\t\t\t\t<\/div>\n\t\t\t\t<\/div>\n\t\t\t\t\t<\/div>\n\t\t\t\t<\/div>\n\t\t\t\t<\/div>\n\t\t","protected":false},"excerpt":{"rendered":"<p>Eventos Explora los eventos que impulsan la innovaci\u00f3n y el futuro del sector energ\u00e9tico Todos los eventos Charla WiE Retos de las comunidades energ\u00e9ticas en tiempos de la comunidad energ\u00e9tica Noviembre 19 de 2025 Charla WiE Retos de las comunidades energ\u00e9ticas en tiempos de la comunidad energ\u00e9tica Noviembre 19 de 2025 Webinar B4 Sistemas de<\/p>\n<a class=\"read-more\" href=\"https:\/\/cigrecolombia.org\/?page_id=1741\">Read More<\/a>","protected":false},"author":3,"featured_media":0,"parent":0,"menu_order":0,"comment_status":"closed","ping_status":"closed","template":"elementor_header_footer","meta":{"footnotes":""},"class_list":["post-1741","page","type-page","status-publish","hentry"],"_links":{"self":[{"href":"https:\/\/cigrecolombia.org\/index.php?rest_route=\/wp\/v2\/pages\/1741","targetHints":{"allow":["GET"]}}],"collection":[{"href":"https:\/\/cigrecolombia.org\/index.php?rest_route=\/wp\/v2\/pages"}],"about":[{"href":"https:\/\/cigrecolombia.org\/index.php?rest_route=\/wp\/v2\/types\/page"}],"author":[{"embeddable":true,"href":"https:\/\/cigrecolombia.org\/index.php?rest_route=\/wp\/v2\/users\/3"}],"replies":[{"embeddable":true,"href":"https:\/\/cigrecolombia.org\/index.php?rest_route=%2Fwp%2Fv2%2Fcomments&post=1741"}],"version-history":[{"count":46,"href":"https:\/\/cigrecolombia.org\/index.php?rest_route=\/wp\/v2\/pages\/1741\/revisions"}],"predecessor-version":[{"id":2031,"href":"https:\/\/cigrecolombia.org\/index.php?rest_route=\/wp\/v2\/pages\/1741\/revisions\/2031"}],"wp:attachment":[{"href":"https:\/\/cigrecolombia.org\/index.php?rest_route=%2Fwp%2Fv2%2Fmedia&parent=1741"}],"curies":[{"name":"wp","href":"https:\/\/api.w.org\/{rel}","templated":true}]}}