 {"id":807,"date":"2025-10-05T02:11:08","date_gmt":"2025-10-05T02:11:08","guid":{"rendered":"https:\/\/webangon.com\/sites\/shark\/solar\/?page_id=807"},"modified":"2025-12-05T17:40:29","modified_gmt":"2025-12-05T16:40:29","slug":"contacto","status":"publish","type":"page","link":"https:\/\/cigrecolombia.org\/?page_id=807","title":{"rendered":"Contacto"},"content":{"rendered":"\t\t<div data-elementor-type=\"wp-page\" data-elementor-id=\"807\" class=\"elementor elementor-807\" data-elementor-post-type=\"page\">\n\t\t\t\t<div class=\"elementor-element elementor-element-627bf4f e-flex e-con-boxed e-con e-parent\" data-id=\"627bf4f\" data-element_type=\"container\" data-settings=\"{&quot;background_background&quot;:&quot;classic&quot;}\">\n\t\t\t\t\t<div class=\"e-con-inner\">\n\t\t\t\t<div class=\"elementor-element elementor-element-c7ba006 elementor-widget elementor-widget-heading\" data-id=\"c7ba006\" data-element_type=\"widget\" data-widget_type=\"heading.default\">\n\t\t\t\t<div class=\"elementor-widget-container\">\n\t\t\t\t\t<h2 class=\"elementor-heading-title elementor-size-default\">Contacto<\/h2>\t\t\t\t<\/div>\n\t\t\t\t<\/div>\n\t\t\t\t<div class=\"elementor-element elementor-element-f02c3fc elementor-widget elementor-widget-heading\" data-id=\"f02c3fc\" data-element_type=\"widget\" data-widget_type=\"heading.default\">\n\t\t\t\t<div class=\"elementor-widget-container\">\n\t\t\t\t\t<h2 class=\"elementor-heading-title elementor-size-default\"><i>Conectemos para impulsar juntos el futuro energ\u00e9tico de Colombia<\/i><\/h2>\t\t\t\t<\/div>\n\t\t\t\t<\/div>\n\t\t\t\t\t<\/div>\n\t\t\t\t<\/div>\n\t\t<div class=\"elementor-element elementor-element-bc80f02 e-flex e-con-boxed e-con e-parent\" data-id=\"bc80f02\" data-element_type=\"container\">\n\t\t\t\t\t<div class=\"e-con-inner\">\n\t\t<div class=\"elementor-element elementor-element-33d2f6f e-con-full e-flex e-con e-child\" data-id=\"33d2f6f\" data-element_type=\"container\" data-settings=\"{&quot;background_background&quot;:&quot;classic&quot;}\">\n\t\t\t\t<div class=\"elementor-element elementor-element-1384ba9 elementor-widget elementor-widget-heading\" data-id=\"1384ba9\" data-element_type=\"widget\" data-widget_type=\"heading.default\">\n\t\t\t\t<div class=\"elementor-widget-container\">\n\t\t\t\t\t<h2 class=\"elementor-heading-title elementor-size-default\">Nuestros datos<\/h2>\t\t\t\t<\/div>\n\t\t\t\t<\/div>\n\t\t\t\t<div class=\"elementor-element elementor-element-9058b9c elementor-icon-list--layout-traditional elementor-list-item-link-full_width elementor-widget elementor-widget-icon-list\" data-id=\"9058b9c\" data-element_type=\"widget\" data-widget_type=\"icon-list.default\">\n\t\t\t\t<div class=\"elementor-widget-container\">\n\t\t\t\t\t\t\t<ul class=\"elementor-icon-list-items\">\n\t\t\t\t\t\t\t<li class=\"elementor-icon-list-item\">\n\t\t\t\t\t\t\t\t\t\t\t<span class=\"elementor-icon-list-icon\">\n\t\t\t\t\t\t\t<i aria-hidden=\"true\" class=\"tpbi bi-telephone-outbound\"><\/i>\t\t\t\t\t\t<\/span>\n\t\t\t\t\t\t\t\t\t\t<span class=\"elementor-icon-list-text\"> +57 310 849 4042<\/span>\n\t\t\t\t\t\t\t\t\t<\/li>\n\t\t\t\t\t\t\t\t<li class=\"elementor-icon-list-item\">\n\t\t\t\t\t\t\t\t\t\t\t<span class=\"elementor-icon-list-icon\">\n\t\t\t\t\t\t\t<i aria-hidden=\"true\" class=\"tpbi bi-envelope-at\"><\/i>\t\t\t\t\t\t<\/span>\n\t\t\t\t\t\t\t\t\t\t<span class=\"elementor-icon-list-text\">informacion@cigrecolombia.org<\/span>\n\t\t\t\t\t\t\t\t\t<\/li>\n\t\t\t\t\t\t<\/ul>\n\t\t\t\t\t\t<\/div>\n\t\t\t\t<\/div>\n\t\t\t\t<div class=\"elementor-element elementor-element-3e02797 elementor-shape-rounded elementor-grid-0 elementor-widget elementor-widget-social-icons\" data-id=\"3e02797\" data-element_type=\"widget\" data-widget_type=\"social-icons.default\">\n\t\t\t\t<div class=\"elementor-widget-container\">\n\t\t\t\t\t\t\t<div class=\"elementor-social-icons-wrapper elementor-grid\" role=\"list\">\n\t\t\t\t\t\t\t<span class=\"elementor-grid-item\" role=\"listitem\">\n\t\t\t\t\t<a class=\"elementor-icon elementor-social-icon elementor-social-icon-bi-twitter-x elementor-repeater-item-37a3f7d\" href=\"https:\/\/x.com\/CIGRE_Colombia\" target=\"_blank\">\n\t\t\t\t\t\t<span class=\"elementor-screen-only\">Bi-twitter-x<\/span>\n\t\t\t\t\t\t<i aria-hidden=\"true\" class=\"tpbi bi-twitter-x\"><\/i>\t\t\t\t\t<\/a>\n\t\t\t\t<\/span>\n\t\t\t\t\t\t\t<span class=\"elementor-grid-item\" role=\"listitem\">\n\t\t\t\t\t<a class=\"elementor-icon elementor-social-icon elementor-social-icon-bi-youtube elementor-repeater-item-01dc2d5\" href=\"https:\/\/www.youtube.com\/@cigrecolombia5092\" target=\"_blank\">\n\t\t\t\t\t\t<span class=\"elementor-screen-only\">Bi-youtube<\/span>\n\t\t\t\t\t\t<i aria-hidden=\"true\" class=\"tpbi bi-youtube\"><\/i>\t\t\t\t\t<\/a>\n\t\t\t\t<\/span>\n\t\t\t\t\t\t\t<span class=\"elementor-grid-item\" role=\"listitem\">\n\t\t\t\t\t<a class=\"elementor-icon elementor-social-icon elementor-social-icon-bi-linkedin elementor-repeater-item-a4ff950\" href=\"https:\/\/www.linkedin.com\/company\/cigre-colombia\/?originalSubdomain=co\" target=\"_blank\">\n\t\t\t\t\t\t<span class=\"elementor-screen-only\">Bi-linkedin<\/span>\n\t\t\t\t\t\t<i aria-hidden=\"true\" class=\"tpbi bi-linkedin\"><\/i>\t\t\t\t\t<\/a>\n\t\t\t\t<\/span>\n\t\t\t\t\t<\/div>\n\t\t\t\t\t\t<\/div>\n\t\t\t\t<\/div>\n\t\t\t\t<div class=\"elementor-element elementor-element-79c7524 elementor-widget-divider--view-line elementor-widget elementor-widget-divider\" data-id=\"79c7524\" data-element_type=\"widget\" data-widget_type=\"divider.default\">\n\t\t\t\t<div class=\"elementor-widget-container\">\n\t\t\t\t\t\t\t<div class=\"elementor-divider\">\n\t\t\t<span class=\"elementor-divider-separator\">\n\t\t\t\t\t\t<\/span>\n\t\t<\/div>\n\t\t\t\t\t\t<\/div>\n\t\t\t\t<\/div>\n\t\t\t\t<div class=\"elementor-element elementor-element-510f1ad elementor-widget elementor-widget-heading\" data-id=\"510f1ad\" data-element_type=\"widget\" data-widget_type=\"heading.default\">\n\t\t\t\t<div class=\"elementor-widget-container\">\n\t\t\t\t\t<h2 class=\"elementor-heading-title elementor-size-default\">Colombia<\/h2>\t\t\t\t<\/div>\n\t\t\t\t<\/div>\n\t\t\t\t<div class=\"elementor-element elementor-element-c188e33 elementor-widget elementor-widget-heading\" data-id=\"c188e33\" data-element_type=\"widget\" data-widget_type=\"heading.default\">\n\t\t\t\t<div class=\"elementor-widget-container\">\n\t\t\t\t\t<span class=\"elementor-heading-title elementor-size-default\">Cl. 12 Sur #N\u00b0 18 -168, Medell\u00edn, El Poblado, ISA - Interconexi\u00f3n El\u00e9ctrica<\/span>\t\t\t\t<\/div>\n\t\t\t\t<\/div>\n\t\t\t\t<\/div>\n\t\t<div class=\"elementor-element elementor-element-9771cfb e-con-full e-flex e-con e-child\" data-id=\"9771cfb\" data-element_type=\"container\">\n\t\t\t\t<div class=\"elementor-element elementor-element-8423035 elementor-widget elementor-widget-heading\" data-id=\"8423035\" data-element_type=\"widget\" data-widget_type=\"heading.default\">\n\t\t\t\t<div class=\"elementor-widget-container\">\n\t\t\t\t\t<h1 class=\"elementor-heading-title elementor-size-default\">Contactanos<\/h1>\t\t\t\t<\/div>\n\t\t\t\t<\/div>\n\t\t\t\t<div class=\"elementor-element elementor-element-a14576e elementor-widget elementor-widget-heading\" data-id=\"a14576e\" data-element_type=\"widget\" data-widget_type=\"heading.default\">\n\t\t\t\t<div class=\"elementor-widget-container\">\n\t\t\t\t\t<span class=\"elementor-heading-title elementor-size-default\">En CIGRE Colombia creemos que la construcci\u00f3n de la estrategia energ\u00e9tica del pa\u00eds es un esfuerzo colectivo. Tu voz, tus ideas y tu experiencia son fundamentales para transformar los retos del sector en oportunidades.\n<\/span>\t\t\t\t<\/div>\n\t\t\t\t<\/div>\n\t\t\t\t<div class=\"elementor-element elementor-element-21d396d elementor-widget elementor-widget-tp-contact\" data-id=\"21d396d\" data-element_type=\"widget\" data-widget_type=\"tp-contact.default\">\n\t\t\t\t<div class=\"elementor-widget-container\">\n\t\t\t\t\t\n<form class=\"tp-contact-wrap left-icon\" data-xld ='{\"email\":\"102.107.99.108.111.106.94.96.102.108.107.61.96.102.100.111.98.96.108.105.108.106.95.102.94.43.108.111.100.7.101\",\"success\":\"Gracias por contactarnos. Hemos recibido tu mensaje y CIGRE Colombia se comunicar\\u00e1 contigo en el menor tiempo posible para responder tu consulta.\",\"fail\":\"No pudimos completar el env\\u00edo del formulario. Por favor, int\\u00e9ntalo nuevamente.\\n\",\"error\":\"Se present\\u00f3 un error, por favor revisa los datos ingresados.\",\"subject\":\"Nuevo mensaje desde el formulario de contacto\\n\"}' novalidate>\n   <div data-xld ='{\"id\":\"319228c\",\"type\":\"text\",\"required\":\"yes\"}' class=\"item elementor-repeater-item-319228c\"><i class=\" tpbi bi-person\"><\/i><span class=\"tp-label\"><\/span><input class=\"tp-input\" name=\"\" type=\"text\"  placeholder=\"Nombre\" ><\/div>\n   <div data-xld ='{\"id\":\"fa70b50\",\"type\":\"email\",\"required\":\"yes\"}' class=\"item elementor-repeater-item-fa70b50\"><i class=\" tpbi bi-envelope-at\"><\/i><span class=\"tp-label\"><\/span><input class=\"tp-input\" name=\"\" type=\"email\"  placeholder=\"Email\" ><\/div>\n   <div data-xld ='{\"id\":\"ccbeb61\",\"type\":\"tel\",\"required\":\"yes\"}' class=\"item elementor-repeater-item-ccbeb61\"><i class=\" tpbi bi-telephone-outbound\"><\/i><span class=\"tp-label\"><\/span><input class=\"tp-input\" name=\"\" type=\"tel\"  placeholder=\"Celular*\" ><\/div>\n   <div data-xld ='{\"id\":\"0289c74\",\"type\":\"text\",\"required\":\"yes\"}' class=\"item elementor-repeater-item-0289c74\"><i class=\" tpbi bi-briefcase\"><\/i><span class=\"tp-label\"><\/span><input class=\"tp-input\" name=\"\" type=\"text\"  placeholder=\"Compa\u00f1\u00eda\/Insituci\u00f3n\" ><\/div><div data-xld ='{\"id\":\"cafdb0a\",\"type\":\"textarea\",\"required\":\"yes\"}' class=\"item elementor-repeater-item-cafdb0a\"><i class=\" tpbi bi-chat-square\"><\/i><span class=\"tp-label\"><\/span><textarea class=\"tp-input\" name=\"\" placeholder=\"Escribe aqu\u00cd tu mensaje para el CIGRE\" ><\/textarea><\/div><div class='tp-form-btn'>\n        <button class=\"tbtr\" type=\"submit\"><span>Enviar<i class=\" uic fi-rr-paper-plane\"><\/i><\/span>\n        <div class=\"loader\"><\/div>\n    <\/button>\n<\/div> \n<div class=\"response\"><\/div>\n<\/form>\t\t\t\t<\/div>\n\t\t\t\t<\/div>\n\t\t\t\t<\/div>\n\t\t\t\t\t<\/div>\n\t\t\t\t<\/div>\n\t\t<div class=\"elementor-element elementor-element-c1f5794 e-con-full e-flex e-con e-parent\" data-id=\"c1f5794\" data-element_type=\"container\">\n\t\t\t\t<div class=\"elementor-element elementor-element-5a987bf elementor-widget elementor-widget-google_maps\" data-id=\"5a987bf\" data-element_type=\"widget\" data-widget_type=\"google_maps.default\">\n\t\t\t\t<div class=\"elementor-widget-container\">\n\t\t\t\t\t\t\t<div class=\"elementor-custom-embed\">\n\t\t\t<iframe loading=\"lazy\"\n\t\t\t\t\tsrc=\"https:\/\/maps.google.com\/maps?q=ISA%20-%20Interconexi%C3%B3n%20El%C3%A9ctrica&#038;t=m&#038;z=13&#038;output=embed&#038;iwloc=near\"\n\t\t\t\t\ttitle=\"ISA - Interconexi\u00f3n El\u00e9ctrica\"\n\t\t\t\t\taria-label=\"ISA - Interconexi\u00f3n El\u00e9ctrica\"\n\t\t\t><\/iframe>\n\t\t<\/div>\n\t\t\t\t\t\t<\/div>\n\t\t\t\t<\/div>\n\t\t\t\t<\/div>\n\t\t\t\t<\/div>\n\t\t","protected":false},"excerpt":{"rendered":"<p>Contacto Conectemos para impulsar juntos el futuro energ\u00e9tico de Colombia Nuestros datos +57 310 849 4042 informacion@cigrecolombia.org Bi-twitter-x Bi-youtube Bi-linkedin Colombia Cl. 12 Sur #N\u00b0 18 -168, Medell\u00edn, El Poblado, ISA &#8211; Interconexi\u00f3n El\u00e9ctrica Contactanos En CIGRE Colombia creemos que la construcci\u00f3n de la estrategia energ\u00e9tica del pa\u00eds es un esfuerzo colectivo. Tu voz, tus<\/p>\n<a class=\"read-more\" href=\"https:\/\/cigrecolombia.org\/?page_id=807\">Read More<\/a>","protected":false},"author":3,"featured_media":1975,"parent":0,"menu_order":0,"comment_status":"closed","ping_status":"closed","template":"elementor_header_footer","meta":{"footnotes":""},"class_list":["post-807","page","type-page","status-publish","has-post-thumbnail","hentry"],"_links":{"self":[{"href":"https:\/\/cigrecolombia.org\/index.php?rest_route=\/wp\/v2\/pages\/807","targetHints":{"allow":["GET"]}}],"collection":[{"href":"https:\/\/cigrecolombia.org\/index.php?rest_route=\/wp\/v2\/pages"}],"about":[{"href":"https:\/\/cigrecolombia.org\/index.php?rest_route=\/wp\/v2\/types\/page"}],"author":[{"embeddable":true,"href":"https:\/\/cigrecolombia.org\/index.php?rest_route=\/wp\/v2\/users\/3"}],"replies":[{"embeddable":true,"href":"https:\/\/cigrecolombia.org\/index.php?rest_route=%2Fwp%2Fv2%2Fcomments&post=807"}],"version-history":[{"count":25,"href":"https:\/\/cigrecolombia.org\/index.php?rest_route=\/wp\/v2\/pages\/807\/revisions"}],"predecessor-version":[{"id":1968,"href":"https:\/\/cigrecolombia.org\/index.php?rest_route=\/wp\/v2\/pages\/807\/revisions\/1968"}],"wp:featuredmedia":[{"embeddable":true,"href":"https:\/\/cigrecolombia.org\/index.php?rest_route=\/wp\/v2\/media\/1975"}],"wp:attachment":[{"href":"https:\/\/cigrecolombia.org\/index.php?rest_route=%2Fwp%2Fv2%2Fmedia&parent=807"}],"curies":[{"name":"wp","href":"https:\/\/api.w.org\/{rel}","templated":true}]}}